{"id":6454,"date":"2025-04-24T15:51:40","date_gmt":"2025-04-24T15:51:40","guid":{"rendered":"https:\/\/www.recharge360.com\/?page_id=6454"},"modified":"2026-03-24T19:37:55","modified_gmt":"2026-03-24T19:37:55","slug":"the-smartest-newsletter-on-work-and-energy","status":"publish","type":"page","link":"https:\/\/www.recharge360.com\/en\/the-smartest-newsletter-on-work-and-energy\/","title":{"rendered":"The Smartest Newsletter on Work and Energy"},"content":{"rendered":"<div class=\"brz-root__container brz-reset-all brz brz-root__container-page\">\n<section id=\"f51ae9d85fc7d8f333b8_hmAbquNHrYwr\" class=\"brz-section brz-css-1vuth49\">\n<div class=\"brz-section__content brz-section--boxed brz-css-iaewr9 brz-css-1mthtda\" data-brz-custom-id=\"tQHEXzFdZw3W\">\n<div class=\"brz-bg\">\n<div class=\"brz-bg-image\"><\/div>\n<div class=\"brz-bg-color\"><\/div>\n<div class=\"brz-bg-shape brz-bg-shape__bottom\"><\/div>\n<\/div>\n<div class=\"brz-container brz-css-4q2uxj\">\n<div class=\"brz-row__container brz-css-1iqd64w\" data-brz-custom-id=\"wNZxuOQ5vv1z\">\n<div class=\"brz-bg\"><\/div>\n<div class=\"brz-row brz-css-16czvef brz-css-h24j7w\">\n<div class=\"brz-columns brz-css-ogwihx brz-css-1ypj142\" data-brz-custom-id=\"xIhORE9BbUSd\">\n<div class=\"brz-bg\"><\/div>\n<div class=\"brz-column__items brz-css-gv9zks\">\n<div id=\"\" class=\"brz-css-16ty9q4 brz-css-1mt6c8o brz-wrapper\">\n<div class=\"brz-spacer brz-css-1v89bce brz-css-1hznpjz\"><\/div>\n<\/div>\n<\/div>\n<\/div>\n<\/div>\n<\/div>\n<div class=\"brz-row__container brz-css-1iqd64w\" data-brz-custom-id=\"rGCF8v0zf_JK\">\n<div class=\"brz-bg\"><\/div>\n<div class=\"brz-row brz-css-16czvef brz-css-h24j7w\">\n<div class=\"brz-columns brz-css-ogwihx brz-css-1pwcyrr\" data-brz-custom-id=\"xGhIn0DFxurY\">\n<div class=\"brz-bg\"><\/div>\n<div class=\"brz-column__items brz-css-gv9zks brz-css-tcoo6i\">\n<div id=\"\" class=\"brz-css-16ty9q4 brz-css-1l31c6b brz-wrapper\">\n<div class=\"brz-rich-text brz-rich-text__custom brz-css-19as8lx\" data-brz-custom-id=\"tnFuqaR6_Fck\">\n<div data-brz-translate-text=\"1\">\n<h1 class=\"brz-text-xs-center brz-fsft-xs-0 brz-fwdth-xs-100 brz-vfw-xs-400 brz-lh-xs-1 brz-ls-xs-m_1_5 brz-fw-xs-700 brz-fss-xs-px brz-fs-xs-35 brz-tp-xs-empty brz-fsft-lg-0 brz-fwdth-lg-100 brz-vfw-lg-400 brz-lh-lg-1 brz-ls-lg-m_1_5 brz-fw-lg-700 brz-fss-lg-px brz-fs-lg-55 brz-ft-google brz-ff-inter brz-tp-lg-empty brz-text-sm-center brz-css-xfEyy\" data-uniq-id=\"f6njQ\" data-generated-css=\"brz-css-b2tPO\"><strong class=\"brz-bold-true brz-cp-color8\">The smartest newsletter <\/strong><\/h1>\n<\/div>\n<\/div>\n<\/div>\n<div id=\"\" class=\"brz-css-16ty9q4 brz-css-m34t5e brz-wrapper\">\n<div class=\"brz-rich-text brz-rich-text__custom brz-css-19as8lx\" data-brz-custom-id=\"qr157kJ1GkAE\">\n<div data-brz-translate-text=\"1\">\n<h3 class=\"brz-text-sm-center brz-ff-inter brz-ft-google brz-fs-lg-55 brz-fss-lg-px brz-fw-lg-700 brz-ls-lg-m_1_5 brz-lh-lg-1 brz-vfw-lg-400 brz-fwdth-lg-100 brz-fsft-lg-0 brz-tp-xs-empty brz-fs-xs-35 brz-fss-xs-px brz-fw-xs-700 brz-ls-xs-m_1_5 brz-lh-xs-1 brz-vfw-xs-400 brz-fwdth-xs-100 brz-fsft-xs-0 brz-text-xs-center brz-tp-lg-heading3 brz-mt-lg-0 brz-mb-lg-0 brz-css-h3J3N\" data-generated-css=\"brz-css-vI8A_\" data-uniq-id=\"o8fnd\"><span class=\"brz-bold-true\">About work and energy<\/span><\/h3>\n<\/div>\n<\/div>\n<\/div>\n<div id=\"\" class=\"brz-css-16ty9q4 brz-wrapper\">\n<div class=\"brz-rich-text brz-rich-text__custom brz-css-19as8lx\" data-brz-custom-id=\"tbW85FDfgeWL\">\n<div data-brz-translate-text=\"1\">\n<p class=\"brz-bcp-color7 brz-tp-lg-paragraph brz-text-sm-center brz-text-xs-center brz-css-xMWJb\" data-uniq-id=\"peZc2\" data-generated-css=\"brz-css-wXQr2\"><span class=\"brz-cp-color7\">Each month, one sharp thought, one trend that counts and one tip you can apply today.<\/span><\/p>\n<p class=\"brz-bcp-color7 brz-tp-lg-paragraph brz-text-sm-center brz-text-xs-center brz-css-xdA02\" data-uniq-id=\"bPtLi\" data-generated-css=\"brz-css-kzo1c\"><\/p>\n<p class=\"brz-bcp-color7 brz-tp-lg-paragraph brz-text-sm-center brz-text-xs-center brz-css-fdvXo\" data-uniq-id=\"mLpx2\" data-generated-css=\"brz-css-o0XyF\"><span class=\"brz-cp-color7\">On vitality, behavior, work happiness and the power of small habits.<\/span><\/p>\n<p class=\"brz-bcp-color7 brz-tp-lg-paragraph brz-text-sm-center brz-text-xs-center brz-css-sliQF\" data-uniq-id=\"ltQMM\" data-generated-css=\"brz-css-qbkza\"><\/p>\n<p class=\"brz-bcp-color7 brz-tp-lg-paragraph brz-text-sm-center brz-text-xs-center brz-css-mFEIw\" data-uniq-id=\"fKP0X\" data-generated-css=\"brz-css-eQW35\"><span class=\"brz-cp-color7\">For anyone who wants to make work more energizing - for themselves or their team.<\/span><\/p>\n<\/div>\n<\/div>\n<\/div>\n<div id=\"\" class=\"brz-css-16ty9q4 brz-css-1mt6c8o brz-css-1t9qf7p brz-wrapper\">\n<div class=\"brz-spacer brz-css-1v89bce brz-css-1cv5ga9\"><\/div>\n<\/div>\n<\/div>\n<\/div>\n<div class=\"brz-columns brz-css-ogwihx brz-css-1v1cz7\" data-brz-custom-id=\"srxRwMr2hfJA\">\n<div class=\"brz-bg\"><\/div>\n<div class=\"brz-column__items brz-css-gv9zks brz-css-13mo9vj\">\n<div class=\"brz-row__container brz-css-1iqd64w\" data-brz-custom-id=\"lP8bsvgDmhiv\">\n<div class=\"brz-bg\"><\/div>\n<div class=\"brz-row brz-row--inner brz-css-16czvef\">\n<div class=\"brz-columns brz-css-ogwihx brz-css-1dwiq5a\" data-brz-custom-id=\"sbQtOlbeCwZv\">\n<div class=\"brz-bg\"><\/div>\n<div class=\"brz-column__items brz-css-gv9zks\">\n<div id=\"\" class=\"brz-css-16ty9q4 brz-css-18ukgec brz-wrapper\">\n<div class=\"brz-image brz-css-eznk0 brz-css-12zpzp\" data-brz-custom-id=\"mim4KrucQfOe\"><img decoding=\"async\" class=\"brz-img\" src=\"https:\/\/www.recharge360.com\/?brizy_media=wp-af172fc8796325b54ca3f397d64e53a3.png&amp;brizy_crop=iW%3D454%26iH%3D512%26oX%3D0%26oY%3D4%26cW%3D454%26cH%3D504\" alt=\"The smartest newsletter on energy and work\" loading=\"lazy\" title=\"\"><\/div>\n<\/div>\n<\/div>\n<\/div>\n<\/div>\n<\/div>\n<\/div>\n<\/div>\n<\/div>\n<\/div>\n<div id=\"\" class=\"brz-css-16ty9q4 brz-css-lhdh4d brz-wrapper\">\n<div class=\"brz-rich-text brz-rich-text__custom brz-css-19as8lx\" data-brz-custom-id=\"u9h62nOMDMPA\">\n<div data-brz-translate-text=\"1\">\n<p class=\"brz-tp-lg-paragraph brz-text-lg-center brz-bcp-color8 brz-css-nefMA\" data-uniq-id=\"wlxTg\" data-generated-css=\"brz-css-gXh9Z\">Enter your email below and sign up for the newsletter<\/p>\n<\/div>\n<\/div>\n<\/div>\n<div class=\"brz-wrapper-clone brz-css-1knckjb brz-css-wx47s8\">\n<div class=\"brz-d-xs-flex brz-flex-xs-wrap brz-css-1e30wjb\" data-brz-custom-id=\"\">\n<div class=\"brz-wrapper-clone__item\" id=\"qcSJeiDaQ4Ry\">\n<div class=\"brz-icon__container\" data-brz-custom-id=\"qcSJeiDaQ4Ry\"><a class=\"brz-a brz-anchor\" href=\"#36a0816e5a470a303f70_fgW_6jPece4z\" target=\"_self\" rel=\"noopener\" data-brz-link-type=\"anchor\"><span class=\"brz-icon brz-span brz-css-1ql9l0t brz-css-hc14m6\"><\/span><\/a><\/div>\n<\/div>\n<\/div>\n<\/div>\n<\/div>\n<\/div>\n<\/section>\n<section id=\"3286fc35a5433700a0a8_yMgJot1xaopU\" class=\"brz-section brz-css-1vuth49\">\n<div class=\"brz-section__content brz-section--boxed brz-css-iaewr9 brz-css-iew1qb\" data-brz-custom-id=\"wws6Z8nG4auc\">\n<div class=\"brz-bg\">\n<div class=\"brz-bg-color\"><\/div>\n<\/div>\n<div class=\"brz-container brz-css-4q2uxj\">\n<div class=\"brz-row__container brz-css-1iqd64w\" data-brz-custom-id=\"nZcXC_2ejAXu\">\n<div class=\"brz-bg\"><\/div>\n<div class=\"brz-row brz-css-16czvef brz-css-h24j7w\">\n<div class=\"brz-columns brz-css-ogwihx\" data-brz-custom-id=\"iMhpNtR75kmd\">\n<div class=\"brz-bg\"><\/div>\n<div class=\"brz-column__items brz-css-gv9zks\">\n<div class=\"brz-row__container brz-css-1iqd64w\" data-brz-custom-id=\"nqsMZWzcK_xC\">\n<div class=\"brz-bg\"><\/div>\n<div class=\"brz-row brz-row--inner brz-css-16czvef brz-css-h24j7w\">\n<div class=\"brz-columns brz-css-ogwihx brz-css-deael\" data-brz-custom-id=\"uj_8JYUtX29c\">\n<div class=\"brz-bg\"><\/div>\n<div class=\"brz-column__items brz-css-gv9zks brz-css-5udz3x\">\n<div id=\"\" class=\"brz-css-16ty9q4 brz-css-14dhf51 brz-wrapper\">\n<div class=\"brz-rich-text brz-rich-text__custom brz-css-19as8lx\" data-brz-custom-id=\"gjxGlDQxt9ZO\">\n<div data-brz-translate-text=\"1\">\n<p class=\"brz-tp-lg-empty brz-ff-inter brz-ft-google brz-fs-lg-18 brz-fss-lg-px brz-fw-lg-500 brz-ls-lg-0 brz-lh-lg-1_4 brz-vfw-lg-400 brz-fwdth-lg-100 brz-fsft-lg-0 brz-css-xQpaI\" data-uniq-id=\"lfwJF\" data-generated-css=\"brz-css-nbR1r\">Stronger team, stronger company<\/p>\n<\/div>\n<\/div>\n<\/div>\n<div id=\"\" class=\"brz-css-16ty9q4 brz-css-1jte0na brz-wrapper\">\n<div class=\"brz-rich-text brz-rich-text__custom brz-css-19as8lx\" data-brz-custom-id=\"v7JZ12SQsdXT\">\n<div data-brz-translate-text=\"1\">\n<p class=\"brz-mt-lg-4 brz-fsft-lg-0 brz-fwdth-lg-100 brz-vfw-lg-400 brz-lh-lg-1 brz-ls-lg-m_1_5 brz-fw-lg-700 brz-fss-lg-px brz-fs-lg-38 brz-ft-google brz-ff-inter brz-tp-lg-empty brz-css-exKBN\" data-uniq-id=\"qrQlr\" data-generated-css=\"brz-css-haDlS\"><span class=\"brz-cp-color2\">Stay up-to-date by signing up for the newsletter!<\/span><\/p>\n<\/div>\n<\/div>\n<\/div>\n<\/div>\n<\/div>\n<\/div>\n<\/div>\n<\/div>\n<\/div>\n<div class=\"brz-columns brz-css-ogwihx brz-css-a5wnlc\" data-brz-custom-id=\"vIAoQovdIaRz\">\n<div class=\"brz-bg\"><\/div>\n<div class=\"brz-column__items brz-css-gv9zks\">\n<div id=\"\" class=\"brz-css-16ty9q4 brz-wrapper\">\n<div data-brz-form-version=\"2\" class=\"brz-forms2 brz-css-1jspy3h brz-css-1nvmgw7\" data-brz-custom-id=\"o1blaispWkCi\">\n<div data-brz-translate-text=\"1\" class=\"brz-forms2__item brz-css-11ozif6 brz-css-18si4a4 brz-css-1hs82vd brz-css-gwug9\"><\/div>\n<div class=\"brz-forms2 brz-forms2__item brz-forms2__item-button\" data-brz-custom-id=\"o1blaispWkCi\"><button class=\"brz-btn brz-btn-submit brz-css-1b2eycg brz-css-1reqe13\" data-brz-custom-id=\"p_MraJhdt_2S\"><span data-brz-translate-text=\"1\" class=\"brz-span brz-text__editor\">Subscribe<br \/><\/span><\/button><\/div>\n<div class=\"brz-g-recaptcha\" data-sitekey=\"\" data-size=\"invisible\" data-callback=\"brzFormV2Captcha\"><\/div>\n<\/div>\n<\/div>\n<\/div>\n<\/div>\n<\/div>\n<\/div>\n<\/div>\n<\/div>\n<\/section>\n<\/div>\n<p>    <!-- version:1745581132 --><\/p>","protected":false},"excerpt":{"rendered":"<p>De slimste nieuwsbrief over werk en energie Elke maand \u00e9\u00e9n scherpe gedachte, \u00e9\u00e9n trend die telt en \u00e9\u00e9n tip die je vandaag nog kunt toepassen. Over vitaliteit, gedrag, werkgeluk en de kracht van kleine gewoontes. Voor iedereen die werk energiegevender wil maken \u2013 voor zichzelf of voor hun team. Vul hieronder je email in en [&hellip;]<\/p>","protected":false},"author":4,"featured_media":0,"parent":0,"menu_order":0,"comment_status":"closed","ping_status":"closed","template":"","meta":{"_acf_changed":false,"content-type":"","footnotes":""},"class_list":["post-6454","page","type-page","status-publish","hentry"],"blocksy_meta":[],"acf":[],"brizy_media":[{"id":6473,"url":"https:\/\/www.recharge360.com\/wp-content\/uploads\/2025\/04\/De-slimste-8.png","name":"De-slimste-8.png","meta":{"brizy_attachment_uid":"wp-da9bbc34a3ce8109ec06276c7a9ef7f6.png","brizy_post_uid":["5b6d7725e0b887d9abdac073801096d5"]}},{"id":6474,"url":"https:\/\/www.recharge360.com\/wp-content\/uploads\/2025\/04\/De-slimste-10.png","name":"De-slimste-10.png","meta":{"brizy_attachment_uid":"wp-d5716c29d0fb6c570f2a2674c4bb4114.png","brizy_post_uid":["5b6d7725e0b887d9abdac073801096d5"]}},{"id":6475,"url":"https:\/\/www.recharge360.com\/wp-content\/uploads\/2025\/04\/De-slimste-9.png","name":"De-slimste-9.png","meta":{"brizy_attachment_uid":"wp-af172fc8796325b54ca3f397d64e53a3.png","brizy_post_uid":["5b6d7725e0b887d9abdac073801096d5","969f5087192bd4fad9437193cdfa9f02"]}}],"_links":{"self":[{"href":"https:\/\/www.recharge360.com\/en\/wp-json\/wp\/v2\/pages\/6454","targetHints":{"allow":["GET"]}}],"collection":[{"href":"https:\/\/www.recharge360.com\/en\/wp-json\/wp\/v2\/pages"}],"about":[{"href":"https:\/\/www.recharge360.com\/en\/wp-json\/wp\/v2\/types\/page"}],"author":[{"embeddable":true,"href":"https:\/\/www.recharge360.com\/en\/wp-json\/wp\/v2\/users\/4"}],"replies":[{"embeddable":true,"href":"https:\/\/www.recharge360.com\/en\/wp-json\/wp\/v2\/comments?post=6454"}],"version-history":[{"count":0,"href":"https:\/\/www.recharge360.com\/en\/wp-json\/wp\/v2\/pages\/6454\/revisions"}],"wp:attachment":[{"href":"https:\/\/www.recharge360.com\/en\/wp-json\/wp\/v2\/media?parent=6454"}],"curies":[{"name":"wp","href":"https:\/\/api.w.org\/{rel}","templated":true}]}}